{"id":7944,"date":"2026-04-15T10:07:57","date_gmt":"2026-04-15T10:07:57","guid":{"rendered":"https:\/\/prillumenlight.com\/?page_id=7944"},"modified":"2026-04-15T10:19:37","modified_gmt":"2026-04-15T10:19:37","slug":"hanging-linear-led-lighting","status":"publish","type":"page","link":"https:\/\/prillumenlight.com\/pl\/products\/hanging-linear-led-lighting\/","title":{"rendered":"wisz\u0105ce liniowe o\u015bwietlenie LED"},"content":{"rendered":"<h1 data-path-to-node=\"5\">Fabryka wisz\u0105cego liniowego o\u015bwietlenia LED<\/h1>\n<h3 data-path-to-node=\"6\"><i data-path-to-node=\"6\" data-index-in-node=\"0\">Architektoniczne systemy zawiesze\u0144 zaprojektowane z precyzj\u0105 i wydajno\u015bci\u0105<\/i><\/h3>\n<p data-path-to-node=\"7\">Nowoczesny przestrzenny design wymaga o\u015bwietlenia, kt\u00f3re robi wi\u0119cej ni\u017c tylko o\u015bwietla \u2014 musi definiowa\u0107 otoczenie. Zawieszane oprawy Prillumen <a href=\"https:\/\/prillumenlight.com\/pl\/commercial-led-strip-light-fixtures-the-ultimate-professional-guide\/\">linear<\/a> Systemy LED zapewniaj\u0105 wyrafinowan\u0105 zawieszon\u0105 estetyk\u0119, kt\u00f3ra harmonijnie integruje si\u0119 z nowoczesnymi koncepcjami otwartych sufit\u00f3w. Od eleganckich, ci\u0105g\u0142ych ta\u015bm \u015bwietlnych po rze\u017abiarskie okr\u0105g\u0142e aureole, nasze oprawy s\u0105 zaprojektowane zar\u00f3wno jako narz\u0119dzie funkcjonalne, jak i element wyrazu designu.<\/p>\n<p data-path-to-node=\"8\">Kupuj\u0105c bezpo\u015brednio z naszego zaawansowanego zak\u0142adu produkcyjnego w Chinach, zyskujesz unikaln\u0105 przewag\u0119 elastyczno\u015bci \u201cSpec-to-Order\u201d. Zapewniamy rygor techniczny niezb\u0119dny do spe\u0142nienia mi\u0119dzynarodowych norm budowlanych, po\u0142\u0105czony z op\u0142acalno\u015bci\u0105 bezpo\u015bredniego partnerstwa z fabryk\u0105, co gwarantuje, \u017ce Tw\u00f3j projekt pozostanie w bud\u017cecie bez kompromis\u00f3w wobec wizji.<\/p>\n<hr data-path-to-node=\"9\" \/>\n<h2 data-path-to-node=\"10\">Kolekcja: Precyzyjne rozwi\u0105zania zawieszone<\/h2>\n<h3 data-path-to-node=\"11\">Seria Pro-Suspension (Klasa architektoniczna)<\/h3>\n<p data-path-to-node=\"12\"><i data-path-to-node=\"12\" data-index-in-node=\"0\">Ostateczny wyb\u00f3r dla p\u0142ynnej, wysokiej klasy liniowej ci\u0105g\u0142o\u015bci.<\/i><\/p>\n<p data-path-to-node=\"12\"><b data-path-to-node=\"13,0\" data-index-in-node=\"0\">Przegl\u0105d serii:<\/b> Seria Pro-Suspension jest koron\u0105 naszego liniowego portfolio, specjalnie opracowan\u0105 dla architekt\u00f3w, kt\u00f3rzy ceni\u0105 sobie czyste linie i monolityczne formy. Ta seria wyr\u00f3\u017cnia si\u0119 tworzeniem \u201cnieprzerwanego\u201d j\u0119zyka wizualnego na du\u017cych przestrzeniach wn\u0119trz. Skupiaj\u0105c si\u0119 na integralno\u015bci strukturalnej i czysto\u015bci optycznej, zapewnia wyrafinowany zawieszony uk\u0142ad, kt\u00f3ry podkre\u015bla rytm nowoczesnych biur i przestrzeni handlowych.<\/p>\n<ul data-path-to-node=\"14\">\n<li>\n<p data-path-to-node=\"14,0,0\"><b data-path-to-node=\"14,0,0\" data-index-in-node=\"0\">Zintegrowana integralno\u015b\u0107 strukturalna:<\/b> Nasz mechaniczny system \u0142\u0105czenia \u201cZero-Gap\u201d wykorzystuje wytrzyma\u0142e wewn\u0119trzne p\u0142yty wyr\u00f3wnuj\u0105ce. Zapewnia to, \u017ce nawet w <b data-path-to-node=\"14,0,0\" data-index-in-node=\"149\">ci\u0105g\u0142e odcinki o d\u0142ugo\u015bci 100 st\u00f3p lub wi\u0119cej<\/b>, mocowanie pozostaje idealnie proste, bez wycieku \u015bwiat\u0142a ani widocznych szw\u00f3w mi\u0119dzy modu\u0142ami.<\/p>\n<\/li>\n<li>\n<p data-path-to-node=\"14,1,0\"><b data-path-to-node=\"14,1,0\" data-index-in-node=\"0\">Obj\u0119to\u015bciowa optyka dwukierunkowa:<\/b> Te oprawy oferuj\u0105 <b data-path-to-node=\"14,1,0\" data-index-in-node=\"57\">niezale\u017cna kontrola bezpo\u015brednia\/po\u015brednia<\/b>. Rzucaj\u0105c \u015bwiat\u0142o zar\u00f3wno w d\u00f3\u0142 na potrzeby wykonywania zada\u0144, jak i w g\u00f3r\u0119 na o\u015bwietlenie sufitowe otoczenia, tworzysz efekt o\u015bwietlenia \u201cwolumetrycznego\u201d, kt\u00f3ry sprawia, \u017ce przestrzenie wydaj\u0105 si\u0119 wi\u0119ksze i bardziej komfortowe.<\/p>\n<\/li>\n<li>\n<p data-path-to-node=\"14,2,0\"><b data-path-to-node=\"14,2,0\" data-index-in-node=\"0\">Inteligentne zarz\u0105dzanie SKU:<\/b> Zintegrowane funkcje <b data-path-to-node=\"14,2,0\" data-index-in-node=\"48\">Wyb\u00f3r temperatury barwowej CCT (3000K-5000K)<\/b> cURL Too many subrequests by single Worker invocation. To configure this limit, refer to https:\/\/developers.cloudflare.com\/workers\/wrangler\/configuration\/#limits <b data-path-to-node=\"14,2,0\" data-index-in-node=\"87\">Regulacja mocy<\/b> prze\u0142\u0105czniki. Umo\u017cliwia to wykonawcom dokonywanie ko\u0144cowych regulacji o\u015bwietlenia na miejscu, zapewniaj\u0105c idealn\u0105 sp\u00f3jno\u015b\u0107 w r\u00f3\u017cnych typach pomieszcze\u0144 za pomoc\u0105 jednego kodu produktu.<\/p>\n<\/li>\n<\/ul>\n<p><a href=\"https:\/\/prillumenlight.com\/pl\/linear-led-pendant-light\/led-linear-pendant-light-fixtures\/\"><img decoding=\"async\" class=\"lazyload alignnone size-full wp-image-6395\" src=\"https:\/\/prillumenlight.com\/wp-content\/uploads\/2025\/12\/acoustic-suspended-linear-light.webp\" data-orig-src=\"https:\/\/prillumenlight.com\/wp-content\/uploads\/2025\/12\/acoustic-suspended-linear-light.webp\" alt=\"cURL Too many subrequests by single Worker invocation. To configure this limit, refer to https:\/\/developers.cloudflare.com\/workers\/wrangler\/configuration\/#limits\" width=\"800\" height=\"800\" srcset=\"data:image\/svg+xml,%3Csvg%20xmlns%3D%27http%3A%2F%2Fwww.w3.org%2F2000%2Fsvg%27%20width%3D%27800%27%20height%3D%27800%27%20viewBox%3D%270%200%20800%20800%27%3E%3Crect%20width%3D%27800%27%20height%3D%27800%27%20fill-opacity%3D%220%22%2F%3E%3C%2Fsvg%3E\" data-srcset=\"https:\/\/prillumenlight.com\/wp-content\/uploads\/2025\/12\/acoustic-suspended-linear-light-66x66.webp 66w, https:\/\/prillumenlight.com\/wp-content\/uploads\/2025\/12\/acoustic-suspended-linear-light-150x150.webp 150w, https:\/\/prillumenlight.com\/wp-content\/uploads\/2025\/12\/acoustic-suspended-linear-light-200x200.webp 200w, https:\/\/prillumenlight.com\/wp-content\/uploads\/2025\/12\/acoustic-suspended-linear-light-300x300.webp 300w, https:\/\/prillumenlight.com\/wp-content\/uploads\/2025\/12\/acoustic-suspended-linear-light-400x400.webp 400w, https:\/\/prillumenlight.com\/wp-content\/uploads\/2025\/12\/acoustic-suspended-linear-light-600x600.webp 600w, https:\/\/prillumenlight.com\/wp-content\/uploads\/2025\/12\/acoustic-suspended-linear-light-768x768.webp 768w, https:\/\/prillumenlight.com\/wp-content\/uploads\/2025\/12\/acoustic-suspended-linear-light.webp 800w\" data-sizes=\"auto\" data-orig-sizes=\"(max-width: 800px) 100vw, 800px\" \/><\/a><\/p>\n<h3 data-path-to-node=\"15\">2. Wysokowydajne liniowe oprawy (zawieszone)<\/h3>\n<p data-path-to-node=\"16\"><i data-path-to-node=\"16\" data-index-in-node=\"0\">Maksymalna g\u0119sto\u015b\u0107 lumen\u00f3w dla wysokowydajnych powierzchni komercyjnych.<\/i><\/p>\n<p data-path-to-node=\"16\"><b data-path-to-node=\"17,0\" data-index-in-node=\"0\">Przegl\u0105d serii:<\/b> Gdy Tw\u00f3j projekt wymaga masowego pokrycia \u015bwiat\u0142em i szczytowej wydajno\u015bci energetycznej, seria High-Efficiency Linear Wrap jest przemys\u0142owym narz\u0119dziem, kt\u00f3rego potrzebujesz. Zaprojektowana dla rozleg\u0142ych obszar\u00f3w, ta seria wykorzystuje szerokok\u0105tn\u0105 pryzmatyczn\u0105 soczewk\u0119, aby \u201cowin\u0105\u0107\u201d otoczenie mi\u0119kkim, jednolitym \u015bwiat\u0142em. To idealne po\u0142\u0105czenie wysokiej wydajno\u015bci i nowoczesnego zawieszonego designu, zaprojektowane, aby obni\u017cy\u0107 koszty energii w sektorach o du\u017cym nat\u0119\u017ceniu ruchu.<\/p>\n<ul data-path-to-node=\"18\">\n<li>\n<p data-path-to-node=\"18,0,0\"><b data-path-to-node=\"18,0,0\" data-index-in-node=\"0\">Optymalizacja skuteczno\u015bci z rabatami:<\/b> Dostarczaj\u0105c osza\u0142amiaj\u0105ce <b data-path-to-node=\"18,0,0\" data-index-in-node=\"51\">150+ lumen\u00f3w na wat<\/b>, te oprawy s\u0105 zaprojektowane tak, aby kwalifikowa\u0107 si\u0119 do najbardziej agresywnych poziom\u00f3w rabat\u00f3w energetycznych (DLC Premium). Zmniejszaj\u0105 liczb\u0119 potrzebnych opraw na stop\u0119 kwadratow\u0105, obni\u017caj\u0105c zar\u00f3wno koszty materia\u0142owe, jak i operacyjne.<\/p>\n<\/li>\n<li>\n<p data-path-to-node=\"18,1,0\"><b data-path-to-node=\"18,1,0\" data-index-in-node=\"0\">Dyfuzja bez \u017c\u00f3\u0142kni\u0119cia:<\/b> Nasze soczewki o okr\u0105g\u0142ym kszta\u0142cie s\u0105 wyt\u0142aczane z wysokowytrzyma\u0142ego, stabilizowanego UV poliw\u0119glanu. Zapewnia to, \u017ce \u015bwiat\u0142o pozostaje ostre i bia\u0142e przez ca\u0142y <b data-path-to-node=\"18,1,0\" data-index-in-node=\"169\">54 000+ godzin pracy<\/b>, opieraj\u0105c si\u0119 na degradacji typowej dla ta\u0144szych import\u00f3w.<\/p>\n<\/li>\n<li>\n<p data-path-to-node=\"18,2,0\"><b data-path-to-node=\"18,2,0\" data-index-in-node=\"0\">Zastosowanie adaptacyjne:<\/b> Jego szeroki, mi\u0119kki rozk\u0142ad \u015bwiat\u0142a jest preferowany w nowoczesnych o\u015brodkach edukacyjnych, oddzia\u0142ach opieki zdrowotnej oraz \u201cprzemys\u0142owych\u201d loftach kreatywnych, gdzie kluczowa jest widoczno\u015b\u0107 bez cieni.<\/p>\n<\/li>\n<\/ul>\n<h3 data-path-to-node=\"19\">3. Projektancki Halo i Circular Suspended<\/h3>\n<p data-path-to-node=\"20\"><i data-path-to-node=\"20\" data-index-in-node=\"0\">Geometryczne punkty ogniskowe, kt\u00f3re redefiniuj\u0105 architektoniczne sufity.<\/i><\/p>\n<p data-path-to-node=\"20\"><b data-path-to-node=\"21,0\" data-index-in-node=\"0\">Przegl\u0105d serii:<\/b> Nasza seria Halo &amp; Circular wprowadza organiczn\u0105, p\u0142ynn\u0105 geometri\u0119 do wn\u0119trza. Te zawieszone \u201crze\u017aby \u015bwietlne\u201d s\u0105 zaprojektowane jako architektoniczne punkty kotwicz\u0105ce, definiuj\u0105ce strefy wsp\u00f3\u0142pracy, okr\u0105g\u0142e sale konferencyjne i wielkie wej\u015bcia. Opanowuj\u0105c sztuk\u0119 zakrzywiania aluminium, zapewniamy bezszwowe \u201chalo\u201d, kt\u00f3re zapewnia jednolit\u0105 luminancj\u0119 na 360 stopniach, przemieniaj\u0105c sufit w p\u0142\u00f3tno \u015bwiat\u0142a.<\/p>\n<ul data-path-to-node=\"22\">\n<li>\n<p data-path-to-node=\"22,0,0\"><b data-path-to-node=\"22,0,0\" data-index-in-node=\"0\">Precyzyjne rzemios\u0142o zakrzywione:<\/b> Ka\u017cde pier\u015bcie\u0144 jest formowany za pomoc\u0105 technologii gi\u0119cia sterowanej CNC, aby zapewni\u0107 <b data-path-to-node=\"22,0,0\" data-index-in-node=\"109\">idealny, okr\u0105g\u0142y profil<\/b> bez odkszta\u0142ce\u0144 ani widocznych punkt\u00f3w spawania. Efektem jest wyko\u0144czenie wysokiej klasy, o jako\u015bci galerii, kt\u00f3re spe\u0142nia standardy luksusowego wn\u0119trza.<\/p>\n<\/li>\n<li>\n<p data-path-to-node=\"22,1,0\"><b data-path-to-node=\"22,1,0\" data-index-in-node=\"0\">Dostosowany zakres \u015brednic:<\/b> Od kameralnych <b data-path-to-node=\"22,1,0\" data-index-in-node=\"38\">akcent\u00f3w o \u015brednicy 600 mm (2 stopy) do masywnych instalacji o \u015brednicy 3000 mm (10 st\u00f3p) i wi\u0119cej<\/b>. Specjalizujemy si\u0119 w tworzeniu konfiguracji \u201cNested Halo\u201d, gdzie wiele pier\u015bcieni jest zawieszonych na r\u00f3\u017cnych wysoko\u015bciach, tworz\u0105c dramatyczny, warstwowy efekt \u017cyrandola.<\/p>\n<\/li>\n<\/ul>\n<p><a href=\"https:\/\/prillumenlight.com\/pl\/product\/circular-ring-pendant-light\/\"><img decoding=\"async\" class=\"lazyload alignnone size-full wp-image-7367\" src=\"https:\/\/prillumenlight.com\/wp-content\/uploads\/2026\/02\/Circular-Pendants.webp\" data-orig-src=\"https:\/\/prillumenlight.com\/wp-content\/uploads\/2026\/02\/Circular-Pendants.webp\" alt=\"cURL Too many subrequests by single Worker invocation. To configure this limit, refer to https:\/\/developers.cloudflare.com\/workers\/wrangler\/configuration\/#limits\" width=\"600\" height=\"600\" srcset=\"data:image\/svg+xml,%3Csvg%20xmlns%3D%27http%3A%2F%2Fwww.w3.org%2F2000%2Fsvg%27%20width%3D%27600%27%20height%3D%27600%27%20viewBox%3D%270%200%20600%20600%27%3E%3Crect%20width%3D%27600%27%20height%3D%27600%27%20fill-opacity%3D%220%22%2F%3E%3C%2Fsvg%3E\" data-srcset=\"https:\/\/prillumenlight.com\/wp-content\/uploads\/2026\/02\/Circular-Pendants-66x66.webp 66w, https:\/\/prillumenlight.com\/wp-content\/uploads\/2026\/02\/Circular-Pendants-150x150.webp 150w, https:\/\/prillumenlight.com\/wp-content\/uploads\/2026\/02\/Circular-Pendants-200x200.webp 200w, https:\/\/prillumenlight.com\/wp-content\/uploads\/2026\/02\/Circular-Pendants-300x300.webp 300w, https:\/\/prillumenlight.com\/wp-content\/uploads\/2026\/02\/Circular-Pendants-400x400.webp 400w, https:\/\/prillumenlight.com\/wp-content\/uploads\/2026\/02\/Circular-Pendants.webp 600w\" data-sizes=\"auto\" data-orig-sizes=\"(max-width: 600px) 100vw, 600px\" \/><\/a><\/p>\n<h2 data-path-to-node=\"24\">Dlaczego Prillumen? Technologiczna przewaga<\/h2>\n<h3 data-path-to-node=\"25\"><b data-path-to-node=\"25\" data-index-in-node=\"0\">Uproszczona instalacja i efektywno\u015b\u0107 pracy<\/b><\/h3>\n<p data-path-to-node=\"26\">Zdajemy sobie spraw\u0119, \u017ce \u201cprawdziwy koszt\u201d o\u015bwietlenia obejmuje czas instalacji. Nasz sprz\u0119t do zawieszania jest zaprojektowany do szybkiego monta\u017cu:<\/p>\n<ul data-path-to-node=\"27\">\n<li>\n<p data-path-to-node=\"27,0,0\"><b data-path-to-node=\"27,0,0\" data-index-in-node=\"0\">Precyzyjne chwytaki lotnicze:<\/b> Nasze zestawy zawiesze\u0144 bez narz\u0119dzi pozwalaj\u0105 na mikroskopowe regulacje wysoko\u015bci w kilka sekund. Niezale\u017cnie od tego, czy montujesz na pochylonym suficie, czy na p\u0142askim stropie, osi\u0105gni\u0119cie idealnie poziomego zawieszenia jest bez wysi\u0142ku.<\/p>\n<\/li>\n<li>\n<p data-path-to-node=\"27,1,0\"><b data-path-to-node=\"27,1,0\" data-index-in-node=\"0\">Modu\u0142owe przewody zasilaj\u0105ce:<\/b> Wszystkie jednostki wyposa\u017cone s\u0105 w \u201cPlug-and-Play\u201d wewn\u0119trzne z\u0142\u0105cza. Dla d\u0142ugich, ci\u0105g\u0142ych rz\u0119d\u00f3w eliminuje to skomplikowane okablowanie terenowe, pozwalaj\u0105c instalatorom po prostu klikn\u0105\u0107 sekcje razem i przej\u015b\u0107 do nast\u0119pnej.<\/p>\n<\/li>\n<li>\n<p data-path-to-node=\"27,2,0\"><b data-path-to-node=\"27,2,0\" data-index-in-node=\"0\">Standaryzowana technologia zasilaczy:<\/b> cURL Too many subrequests by single Worker invocation. To configure this limit, refer to https:\/\/developers.cloudflare.com\/workers\/wrangler\/configuration\/#limits <b data-path-to-node=\"27,2,0\" data-index-in-node=\"43\">Zasilacze 120-277V Multi-Volt<\/b> z wbudowanym \u015bciemnianiem 0-10V jako standard, zapewniaj\u0105c kompatybilno\u015b\u0107 z globalnymi systemami automatyki budynkowej.<\/p>\n<\/li>\n<\/ul>\n<h3 data-path-to-node=\"28\"><b data-path-to-node=\"28\" data-index-in-node=\"0\">Bezpo\u015brednia produkcja w fabryce - Indywidualne zam\u00f3wienia (Wyprodukowane w Chinach)<\/b><\/h3>\n<p data-path-to-node=\"29\">Jako bezpo\u015bredni producent, nasz\u0105 najwi\u0119ksz\u0105 si\u0142\u0105 jest zdolno\u015b\u0107 do adaptacji. Oferujemy \u201cProjektowe\u201d dostosowania, kt\u00f3rych nie mog\u0105 zapewni\u0107 tradycyjni dystrybutorzy:<\/p>\n<ul data-path-to-node=\"30\">\n<li>\n<p data-path-to-node=\"30,0,0\">Wysoka wierno\u015b\u0107 odwzorowania kolor\u00f3w: Podczas gdy CRI 80 jest standardem bran\u017cowym, oferujemy CRI 90+ jako opcj\u0119 dost\u0119pn\u0105 we wszystkich seriach dla lepszej dok\u0142adno\u015bci kolor\u00f3w i dobrostanu u\u017cytkownik\u00f3w.<\/p>\n<\/li>\n<li>\n<p data-path-to-node=\"30,1,0\">Palety kolor\u00f3w architektonicznych: Poza standardowymi wyko\u0144czeniami, oferujemy pe\u0142ne us\u0142ugi malowania proszkowego RAL. Od matowego z\u0142ota po niestandardowe kolory zgodne z mark\u0105, zapewniamy, \u017ce o\u015bwietlenie b\u0119dzie pasowa\u0107 do Twojej palety architektonicznej.<\/p>\n<\/li>\n<li>\n<p data-path-to-node=\"30,2,0\">Integracja system\u00f3w bezpiecze\u0144stwa i kontroli: Opcje monta\u017cu w fabryce dla 90-minutowych awaryjnych zasilaczy bateryjnych oraz zintegrowane czujniki Bluetooth Mesh lub PIR dla pe\u0142nej zgodno\u015bci z normami energetycznymi (Title 24\/IECC).<\/p>\n<\/li>\n<\/ul>","protected":false},"excerpt":{"rendered":"<p>Hanging Linear LED Lighting Factory Architectural Suspension Systems Engineered for  [&#8230;]<\/p>\n","protected":false},"author":1,"featured_media":0,"parent":5782,"menu_order":0,"comment_status":"closed","ping_status":"closed","template":"","meta":{"footnotes":""},"class_list":["post-7944","page","type-page","status-publish","hentry"],"yoast_head":"<!-- This site is optimized with the Yoast SEO plugin v27.4 - https:\/\/yoast.com\/product\/yoast-seo-wordpress\/ -->\n<title>Hanging Linear LED Lighting Manufacturer | Custom Suspended Systems<\/title>\n<meta name=\"description\" content=\"Direct-from-factory hanging linear LED lighting for commercial projects. Features linkable architectural systems, high-efficacy wraps, and bespoke halo rings\" \/>\n<meta name=\"robots\" content=\"index, follow, max-snippet:-1, max-image-preview:large, max-video-preview:-1\" \/>\n<link rel=\"canonical\" href=\"https:\/\/prillumenlight.com\/pl\/products\/hanging-linear-led-lighting\/\" \/>\n<meta property=\"og:locale\" content=\"pl_PL\" \/>\n<meta property=\"og:type\" content=\"article\" \/>\n<meta property=\"og:title\" content=\"Hanging Linear LED Lighting Manufacturer | Custom Suspended Systems\" \/>\n<meta property=\"og:description\" content=\"Direct-from-factory hanging linear LED lighting for commercial projects. Features linkable architectural systems, high-efficacy wraps, and bespoke halo rings\" \/>\n<meta property=\"og:url\" content=\"https:\/\/prillumenlight.com\/pl\/products\/hanging-linear-led-lighting\/\" \/>\n<meta property=\"og:site_name\" content=\"Prillumen Light Linear Architectural Lighting Manufacturer\" \/>\n<meta property=\"article:modified_time\" content=\"2026-04-15T10:19:37+00:00\" \/>\n<meta property=\"og:image\" content=\"https:\/\/prillumenlight.com\/wp-content\/uploads\/2025\/12\/acoustic-suspended-linear-light.webp\" \/>\n\t<meta property=\"og:image:width\" content=\"800\" \/>\n\t<meta property=\"og:image:height\" content=\"800\" \/>\n\t<meta property=\"og:image:type\" content=\"image\/webp\" \/>\n<meta name=\"twitter:card\" content=\"summary_large_image\" \/>\n<meta name=\"twitter:label1\" content=\"Szacowany czas czytania\" \/>\n\t<meta name=\"twitter:data1\" content=\"5 minut\" \/>\n<script type=\"application\/ld+json\" class=\"yoast-schema-graph\">{\"@context\":\"https:\\\/\\\/schema.org\",\"@graph\":[{\"@type\":\"WebPage\",\"@id\":\"https:\\\/\\\/prillumenlight.com\\\/products\\\/hanging-linear-led-lighting\\\/\",\"url\":\"https:\\\/\\\/prillumenlight.com\\\/products\\\/hanging-linear-led-lighting\\\/\",\"name\":\"Hanging Linear LED Lighting Manufacturer | Custom Suspended Systems\",\"isPartOf\":{\"@id\":\"https:\\\/\\\/prillumenlight.com\\\/#website\"},\"primaryImageOfPage\":{\"@id\":\"https:\\\/\\\/prillumenlight.com\\\/products\\\/hanging-linear-led-lighting\\\/#primaryimage\"},\"image\":{\"@id\":\"https:\\\/\\\/prillumenlight.com\\\/products\\\/hanging-linear-led-lighting\\\/#primaryimage\"},\"thumbnailUrl\":\"https:\\\/\\\/prillumenlight.com\\\/wp-content\\\/uploads\\\/2025\\\/12\\\/acoustic-suspended-linear-light.webp\",\"datePublished\":\"2026-04-15T10:07:57+00:00\",\"dateModified\":\"2026-04-15T10:19:37+00:00\",\"description\":\"Direct-from-factory hanging linear LED lighting for commercial projects. Features linkable architectural systems, high-efficacy wraps, and bespoke halo rings\",\"breadcrumb\":{\"@id\":\"https:\\\/\\\/prillumenlight.com\\\/products\\\/hanging-linear-led-lighting\\\/#breadcrumb\"},\"inLanguage\":\"pl-PL\",\"potentialAction\":[{\"@type\":\"ReadAction\",\"target\":[\"https:\\\/\\\/prillumenlight.com\\\/products\\\/hanging-linear-led-lighting\\\/\"]}]},{\"@type\":\"ImageObject\",\"inLanguage\":\"pl-PL\",\"@id\":\"https:\\\/\\\/prillumenlight.com\\\/products\\\/hanging-linear-led-lighting\\\/#primaryimage\",\"url\":\"https:\\\/\\\/prillumenlight.com\\\/wp-content\\\/uploads\\\/2025\\\/12\\\/acoustic-suspended-linear-light.webp\",\"contentUrl\":\"https:\\\/\\\/prillumenlight.com\\\/wp-content\\\/uploads\\\/2025\\\/12\\\/acoustic-suspended-linear-light.webp\"},{\"@type\":\"BreadcrumbList\",\"@id\":\"https:\\\/\\\/prillumenlight.com\\\/products\\\/hanging-linear-led-lighting\\\/#breadcrumb\",\"itemListElement\":[{\"@type\":\"ListItem\",\"position\":1,\"name\":\"Home\",\"item\":\"https:\\\/\\\/prillumenlight.com\\\/\"},{\"@type\":\"ListItem\",\"position\":2,\"name\":\"Products\",\"item\":\"https:\\\/\\\/prillumenlight.com\\\/products\\\/\"},{\"@type\":\"ListItem\",\"position\":3,\"name\":\"Hanging Linear LED Lighting\"}]},{\"@type\":\"WebSite\",\"@id\":\"https:\\\/\\\/prillumenlight.com\\\/#website\",\"url\":\"https:\\\/\\\/prillumenlight.com\\\/\",\"name\":\"Prillumen Light Linear Architectural Lighting Manufacturer\",\"description\":\"Precision linear lighting solutions for commercial and retail projects.\",\"alternateName\":\"Prillumen Low MOQ Architectural light factory\",\"potentialAction\":[{\"@type\":\"SearchAction\",\"target\":{\"@type\":\"EntryPoint\",\"urlTemplate\":\"https:\\\/\\\/prillumenlight.com\\\/?s={search_term_string}\"},\"query-input\":{\"@type\":\"PropertyValueSpecification\",\"valueRequired\":true,\"valueName\":\"search_term_string\"}}],\"inLanguage\":\"pl-PL\"}]}<\/script>\n<!-- \/ Yoast SEO plugin. -->","yoast_head_json":{"title":"Producent wisz\u0105cego o\u015bwietlenia LED liniowego | Niestandardowe systemy zawieszenia","description":"Bezpo\u015brednio z fabryki wisz\u0105ce liniowe o\u015bwietlenie LED do projekt\u00f3w komercyjnych. Funkcje system\u00f3w architektonicznych \u0142\u0105cz\u0105cych, wysokowydajne opaski i niestandardowe pier\u015bcienie halo","robots":{"index":"index","follow":"follow","max-snippet":"max-snippet:-1","max-image-preview":"max-image-preview:large","max-video-preview":"max-video-preview:-1"},"canonical":"https:\/\/prillumenlight.com\/pl\/products\/hanging-linear-led-lighting\/","og_locale":"pl_PL","og_type":"article","og_title":"Hanging Linear LED Lighting Manufacturer | Custom Suspended Systems","og_description":"Direct-from-factory hanging linear LED lighting for commercial projects. Features linkable architectural systems, high-efficacy wraps, and bespoke halo rings","og_url":"https:\/\/prillumenlight.com\/pl\/products\/hanging-linear-led-lighting\/","og_site_name":"Prillumen Light Linear Architectural Lighting Manufacturer","article_modified_time":"2026-04-15T10:19:37+00:00","og_image":[{"width":800,"height":800,"url":"https:\/\/prillumenlight.com\/wp-content\/uploads\/2025\/12\/acoustic-suspended-linear-light.webp","type":"image\/webp"}],"twitter_card":"summary_large_image","twitter_misc":{"Szacowany czas czytania":"5 minut"},"schema":{"@context":"https:\/\/schema.org","@graph":[{"@type":"WebPage","@id":"https:\/\/prillumenlight.com\/products\/hanging-linear-led-lighting\/","url":"https:\/\/prillumenlight.com\/products\/hanging-linear-led-lighting\/","name":"Producent wisz\u0105cego o\u015bwietlenia LED liniowego | Niestandardowe systemy zawieszenia","isPartOf":{"@id":"https:\/\/prillumenlight.com\/#website"},"primaryImageOfPage":{"@id":"https:\/\/prillumenlight.com\/products\/hanging-linear-led-lighting\/#primaryimage"},"image":{"@id":"https:\/\/prillumenlight.com\/products\/hanging-linear-led-lighting\/#primaryimage"},"thumbnailUrl":"https:\/\/prillumenlight.com\/wp-content\/uploads\/2025\/12\/acoustic-suspended-linear-light.webp","datePublished":"2026-04-15T10:07:57+00:00","dateModified":"2026-04-15T10:19:37+00:00","description":"Bezpo\u015brednio z fabryki wisz\u0105ce liniowe o\u015bwietlenie LED do projekt\u00f3w komercyjnych. Funkcje system\u00f3w architektonicznych \u0142\u0105cz\u0105cych, wysokowydajne opaski i niestandardowe pier\u015bcienie halo","breadcrumb":{"@id":"https:\/\/prillumenlight.com\/products\/hanging-linear-led-lighting\/#breadcrumb"},"inLanguage":"pl-PL","potentialAction":[{"@type":"ReadAction","target":["https:\/\/prillumenlight.com\/products\/hanging-linear-led-lighting\/"]}]},{"@type":"ImageObject","inLanguage":"pl-PL","@id":"https:\/\/prillumenlight.com\/products\/hanging-linear-led-lighting\/#primaryimage","url":"https:\/\/prillumenlight.com\/wp-content\/uploads\/2025\/12\/acoustic-suspended-linear-light.webp","contentUrl":"https:\/\/prillumenlight.com\/wp-content\/uploads\/2025\/12\/acoustic-suspended-linear-light.webp"},{"@type":"BreadcrumbList","@id":"https:\/\/prillumenlight.com\/products\/hanging-linear-led-lighting\/#breadcrumb","itemListElement":[{"@type":"ListItem","position":1,"name":"Home","item":"https:\/\/prillumenlight.com\/"},{"@type":"ListItem","position":2,"name":"Products","item":"https:\/\/prillumenlight.com\/products\/"},{"@type":"ListItem","position":3,"name":"Hanging Linear LED Lighting"}]},{"@type":"WebSite","@id":"https:\/\/prillumenlight.com\/#website","url":"https:\/\/prillumenlight.com\/","name":"Prillumen Light Linear Architectural Lighting Manufacturer","description":"Precision linear lighting solutions for commercial and retail projects.","alternateName":"Prillumen Low MOQ Architectural light factory","potentialAction":[{"@type":"SearchAction","target":{"@type":"EntryPoint","urlTemplate":"https:\/\/prillumenlight.com\/?s={search_term_string}"},"query-input":{"@type":"PropertyValueSpecification","valueRequired":true,"valueName":"search_term_string"}}],"inLanguage":"pl-PL"}]}},"_links":{"self":[{"href":"https:\/\/prillumenlight.com\/pl\/wp-json\/wp\/v2\/pages\/7944","targetHints":{"allow":["GET"]}}],"collection":[{"href":"https:\/\/prillumenlight.com\/pl\/wp-json\/wp\/v2\/pages"}],"about":[{"href":"https:\/\/prillumenlight.com\/pl\/wp-json\/wp\/v2\/types\/page"}],"author":[{"embeddable":true,"href":"https:\/\/prillumenlight.com\/pl\/wp-json\/wp\/v2\/users\/1"}],"replies":[{"embeddable":true,"href":"https:\/\/prillumenlight.com\/pl\/wp-json\/wp\/v2\/comments?post=7944"}],"version-history":[{"count":2,"href":"https:\/\/prillumenlight.com\/pl\/wp-json\/wp\/v2\/pages\/7944\/revisions"}],"predecessor-version":[{"id":7946,"href":"https:\/\/prillumenlight.com\/pl\/wp-json\/wp\/v2\/pages\/7944\/revisions\/7946"}],"up":[{"embeddable":true,"href":"https:\/\/prillumenlight.com\/pl\/wp-json\/wp\/v2\/pages\/5782"}],"wp:attachment":[{"href":"https:\/\/prillumenlight.com\/pl\/wp-json\/wp\/v2\/media?parent=7944"}],"curies":[{"name":"wp","href":"https:\/\/api.w.org\/{rel}","templated":true}]}}