{"id":7944,"date":"2026-04-15T10:07:57","date_gmt":"2026-04-15T10:07:57","guid":{"rendered":"https:\/\/prillumenlight.com\/?page_id=7944"},"modified":"2026-04-15T10:19:37","modified_gmt":"2026-04-15T10:19:37","slug":"hanging-linear-led-lighting","status":"publish","type":"page","link":"https:\/\/prillumenlight.com\/fr\/products\/hanging-linear-led-lighting\/","title":{"rendered":"\u00c9clairage LED lin\u00e9aire suspendu"},"content":{"rendered":"<h1 data-path-to-node=\"5\">Usine d'\u00e9clairage LED lin\u00e9aire suspendu<\/h1>\n<h3 data-path-to-node=\"6\"><i data-path-to-node=\"6\" data-index-in-node=\"0\">Syst\u00e8mes de suspension architecturaux con\u00e7us pour la pr\u00e9cision et la performance<\/i><\/h3>\n<p data-path-to-node=\"7\">La conception spatiale moderne exige un \u00e9clairage qui ne se contente pas d\u2019\u00e9clairer \u2014 il doit d\u00e9finir l\u2019environnement. La suspension de Prillumen <a href=\"https:\/\/prillumenlight.com\/fr\/commercial-led-strip-light-fixtures-the-ultimate-professional-guide\/\">linear<\/a> Les syst\u00e8mes LED offrent une esth\u00e9tique suspendue sophistiqu\u00e9e qui s'int\u00e8gre parfaitement aux concepts modernes de plafond ouvert. Des rubans de lumi\u00e8re \u00e9l\u00e9gants et continus aux halos circulaires sculpturaux, nos luminaires sont con\u00e7us pour \u00eatre \u00e0 la fois un outil fonctionnel et une d\u00e9claration de design.<\/p>\n<p data-path-to-node=\"8\">En s'approvisionnant directement aupr\u00e8s de notre usine de fabrication avanc\u00e9e en Chine, vous b\u00e9n\u00e9ficiez de l'avantage unique de la flexibilit\u00e9 \u201c Sp\u00e9cification sur commande \u201d. Nous apportons la rigueur technique requise par les normes de construction internationales, combin\u00e9e \u00e0 l'efficacit\u00e9 \u00e9conomique d'un partenariat direct avec l'usine, garantissant que votre projet reste dans le budget sans compromettre la vision.<\/p>\n<hr data-path-to-node=\"9\" \/>\n<h2 data-path-to-node=\"10\">La Collection : Solutions Suspendues de Pr\u00e9cision<\/h2>\n<h3 data-path-to-node=\"11\">La s\u00e9rie Pro-Suspension (de qualit\u00e9 architecturale)<\/h3>\n<p data-path-to-node=\"12\"><i data-path-to-node=\"12\" data-index-in-node=\"0\">Le choix d\u00e9finitif pour une continuit\u00e9 lin\u00e9aire fluide et haut de gamme.<\/i><\/p>\n<p data-path-to-node=\"12\"><b data-path-to-node=\"13,0\" data-index-in-node=\"0\">Aper\u00e7u de la s\u00e9rie :<\/b> La s\u00e9rie Pro-Suspension est la pi\u00e8ce ma\u00eetresse de notre gamme lin\u00e9aire, sp\u00e9cialement con\u00e7ue pour les architectes qui privil\u00e9gient des lignes \u00e9pur\u00e9es et des formes monolithiques. Cette s\u00e9rie excelle \u00e0 cr\u00e9er un langage visuel \u201c ininterrompu \u201d sur de vastes espaces int\u00e9rieurs. En mettant l'accent sur l'int\u00e9grit\u00e9 structurelle et la puret\u00e9 optique, elle offre une empreinte suspendue sophistiqu\u00e9e qui am\u00e9liore le rythme des environnements modernes de bureaux et de commerces.<\/p>\n<ul data-path-to-node=\"14\">\n<li>\n<p data-path-to-node=\"14,0,0\"><b data-path-to-node=\"14,0,0\" data-index-in-node=\"0\">Int\u00e9grit\u00e9 structurelle embo\u00eet\u00e9e :<\/b> Notre syst\u00e8me de jonction m\u00e9canique \u201c Zero-Gap \u201d utilise des plaques d'alignement internes robustes. Cela garantit que m\u00eame en <b data-path-to-node=\"14,0,0\" data-index-in-node=\"149\">s\u00e9ries continues de 30 m\u00e8tres ou plus<\/b>, le luminaire reste parfaitement droit sans fuite de lumi\u00e8re ni joint visible entre les modules.<\/p>\n<\/li>\n<li>\n<p data-path-to-node=\"14,1,0\"><b data-path-to-node=\"14,1,0\" data-index-in-node=\"0\">Optique bidirectionnelle volum\u00e9trique :<\/b> Ces luminaires offrent <b data-path-to-node=\"14,1,0\" data-index-in-node=\"57\">contr\u00f4le direct\/indirect ind\u00e9pendant<\/b>. En diffusant la lumi\u00e8re \u00e0 la fois vers le bas pour l'ex\u00e9cution des t\u00e2ches et vers le haut pour l'\u00e9clairage ambiant du plafond, vous cr\u00e9ez un effet d'\u00e9clairage \u201c volum\u00e9trique \u201d qui donne aux espaces une sensation de plus grande taille et de plus grand confort.<\/p>\n<\/li>\n<li>\n<p data-path-to-node=\"14,2,0\"><b data-path-to-node=\"14,2,0\" data-index-in-node=\"0\">Gestion intelligente des SKU :<\/b> Fonctionnalit\u00e9s int\u00e9gr\u00e9es <b data-path-to-node=\"14,2,0\" data-index-in-node=\"48\">CCT s\u00e9lectionnable sur le terrain (3000K-5000K)<\/b> et <b data-path-to-node=\"14,2,0\" data-index-in-node=\"87\">R\u00e9glage de la puissance<\/b> commutateurs. Cela permet aux entrepreneurs d'effectuer des ajustements d'\u00e9clairage finaux sur site, garantissant une coh\u00e9rence parfaite entre diff\u00e9rents types de pi\u00e8ces avec un seul code produit.<\/p>\n<\/li>\n<\/ul>\n<p><a href=\"https:\/\/prillumenlight.com\/fr\/linear-led-pendant-light\/led-linear-pendant-light-fixtures\/\"><img decoding=\"async\" class=\"lazyload alignnone size-full wp-image-6395\" src=\"https:\/\/prillumenlight.com\/wp-content\/uploads\/2025\/12\/acoustic-suspended-linear-light.webp\" data-orig-src=\"https:\/\/prillumenlight.com\/wp-content\/uploads\/2025\/12\/acoustic-suspended-linear-light.webp\" alt=\"luminaire lin\u00e9aire suspendu acoustique\" width=\"800\" height=\"800\" srcset=\"data:image\/svg+xml,%3Csvg%20xmlns%3D%27http%3A%2F%2Fwww.w3.org%2F2000%2Fsvg%27%20width%3D%27800%27%20height%3D%27800%27%20viewBox%3D%270%200%20800%20800%27%3E%3Crect%20width%3D%27800%27%20height%3D%27800%27%20fill-opacity%3D%220%22%2F%3E%3C%2Fsvg%3E\" data-srcset=\"https:\/\/prillumenlight.com\/wp-content\/uploads\/2025\/12\/acoustic-suspended-linear-light-66x66.webp 66w, https:\/\/prillumenlight.com\/wp-content\/uploads\/2025\/12\/acoustic-suspended-linear-light-150x150.webp 150w, https:\/\/prillumenlight.com\/wp-content\/uploads\/2025\/12\/acoustic-suspended-linear-light-200x200.webp 200w, https:\/\/prillumenlight.com\/wp-content\/uploads\/2025\/12\/acoustic-suspended-linear-light-300x300.webp 300w, https:\/\/prillumenlight.com\/wp-content\/uploads\/2025\/12\/acoustic-suspended-linear-light-400x400.webp 400w, https:\/\/prillumenlight.com\/wp-content\/uploads\/2025\/12\/acoustic-suspended-linear-light-600x600.webp 600w, https:\/\/prillumenlight.com\/wp-content\/uploads\/2025\/12\/acoustic-suspended-linear-light-768x768.webp 768w, https:\/\/prillumenlight.com\/wp-content\/uploads\/2025\/12\/acoustic-suspended-linear-light.webp 800w\" data-sizes=\"auto\" data-orig-sizes=\"(max-width: 800px) 100vw, 800px\" \/><\/a><\/p>\n<h3 data-path-to-node=\"15\">2. Encadr\u00e9s lin\u00e9aires \u00e0 haute efficacit\u00e9 (suspendus)<\/h3>\n<p data-path-to-node=\"16\"><i data-path-to-node=\"16\" data-index-in-node=\"0\">Densit\u00e9 maximale de lumen pour des empreintes commerciales \u00e0 haute utilit\u00e9.<\/i><\/p>\n<p data-path-to-node=\"16\"><b data-path-to-node=\"17,0\" data-index-in-node=\"0\">Aper\u00e7u de la s\u00e9rie :<\/b> Lorsque votre projet n\u00e9cessite une couverture lumineuse massive et une performance \u00e9nerg\u00e9tique optimale, la s\u00e9rie d'encadr\u00e9s lin\u00e9aires \u00e0 haute efficacit\u00e9 est le travailleur industriel-chic dont vous avez besoin. Con\u00e7ue pour des zones vastes, cette s\u00e9rie utilise une lentille prismatique \u00e0 angle large pour \u201c envelopper \u201d l\u2019environnement d\u2019une lumi\u00e8re douce et uniforme. C\u2019est l\u2019intersection id\u00e9ale entre utilit\u00e9 \u00e0 haute sortie et design suspendu moderne, con\u00e7ue pour r\u00e9duire consid\u00e9rablement les co\u00fbts \u00e9nerg\u00e9tiques dans les secteurs \u00e0 fort trafic.<\/p>\n<ul data-path-to-node=\"18\">\n<li>\n<p data-path-to-node=\"18,0,0\"><b data-path-to-node=\"18,0,0\" data-index-in-node=\"0\">Efficacit\u00e9 optimis\u00e9e pour les remises :<\/b> Offrant un incroyable <b data-path-to-node=\"18,0,0\" data-index-in-node=\"51\">150+ lumens par watt<\/b>, ces luminaires sont con\u00e7us pour se qualifier pour les niveaux de remise \u00e9nerg\u00e9tique les plus agressifs (DLC Premium). Ils r\u00e9duisent le nombre total de luminaires n\u00e9cessaires par m\u00e8tre carr\u00e9, diminuant ainsi les co\u00fbts mat\u00e9riels et op\u00e9rationnels.<\/p>\n<\/li>\n<li>\n<p data-path-to-node=\"18,1,0\"><b data-path-to-node=\"18,1,0\" data-index-in-node=\"0\">Diffusion non jaunissante :<\/b> Nos lentilles enveloppantes sont extrud\u00e9es \u00e0 partir de polycarbonate \u00e0 haute r\u00e9sistance aux chocs et stabilis\u00e9 aux UV. Cela garantit que la lumi\u00e8re reste nette et blanche pendant sa <b data-path-to-node=\"18,1,0\" data-index-in-node=\"169\">54 000+ heures de vie<\/b>, r\u00e9sistant \u00e0 la d\u00e9gradation courante dans les importations de moindre qualit\u00e9.<\/p>\n<\/li>\n<li>\n<p data-path-to-node=\"18,2,0\"><b data-path-to-node=\"18,2,0\" data-index-in-node=\"0\">Application adaptative :<\/b> Sa distribution large et douce est le choix pr\u00e9f\u00e9r\u00e9 pour les centres \u00e9ducatifs modernes, les ailes de soins de sant\u00e9, et les lofts cr\u00e9atifs de style \u201c industriel \u201d o\u00f9 une visibilit\u00e9 sans ombres est primordiale.<\/p>\n<\/li>\n<\/ul>\n<h3 data-path-to-node=\"19\">3. Halo de designer &amp; Suspensions circulaires<\/h3>\n<p data-path-to-node=\"20\"><i data-path-to-node=\"20\" data-index-in-node=\"0\">Points focaux g\u00e9om\u00e9triques qui red\u00e9finissent le plafond architectural.<\/i><\/p>\n<p data-path-to-node=\"20\"><b data-path-to-node=\"21,0\" data-index-in-node=\"0\">Aper\u00e7u de la s\u00e9rie :<\/b> Notre s\u00e9rie Halo &amp; Circular introduit une g\u00e9om\u00e9trie organique et fluide dans le paysage int\u00e9rieur. Ces \u201c sculptures lumineuses \u201d suspendues sont con\u00e7ues pour agir comme des ancrages architecturaux, d\u00e9finissant des zones collaboratives, des salles de r\u00e9union circulaires et de grands halls d'entr\u00e9e. En ma\u00eetrisant l'art du courbure en aluminium, nous fournissons un \u201c halo \u201d sans couture qui offre une luminance uniforme \u00e0 360 degr\u00e9s, transformant le plafond en une toile de lumi\u00e8re.<\/p>\n<ul data-path-to-node=\"22\">\n<li>\n<p data-path-to-node=\"22,0,0\"><b data-path-to-node=\"22,0,0\" data-index-in-node=\"0\">Artisanat de courbure de pr\u00e9cision :<\/b> Chaque anneau est form\u00e9 \u00e0 l'aide d'une technologie de pliage contr\u00f4l\u00e9e par CNC pour garantir un <b data-path-to-node=\"22,0,0\" data-index-in-node=\"109\">profil parfaitement circulaire<\/b> sans d\u00e9formation ni points de soudure visibles. Le r\u00e9sultat est une finition haut de gamme, de qualit\u00e9 galerie, r\u00e9pondant aux standards du design int\u00e9rieur de luxe.<\/p>\n<\/li>\n<li>\n<p data-path-to-node=\"22,1,0\"><b data-path-to-node=\"22,1,0\" data-index-in-node=\"0\">Gamme de diam\u00e8tres sur mesure :<\/b> De accents intimes de <b data-path-to-node=\"22,1,0\" data-index-in-node=\"38\">600 mm (2 pieds) \u00e0 des installations massives de 3000 mm (10 pieds)+<\/b>. Nous sommes sp\u00e9cialis\u00e9s dans la cr\u00e9ation de configurations \u201c Halo imbriqu\u00e9s \u201d o\u00f9 plusieurs anneaux sont suspendus \u00e0 diff\u00e9rentes hauteurs pour cr\u00e9er un effet de chandelier dramatique et en gradins.<\/p>\n<\/li>\n<\/ul>\n<p><a href=\"https:\/\/prillumenlight.com\/fr\/product\/circular-ring-pendant-light\/\"><img decoding=\"async\" class=\"lazyload alignnone size-full wp-image-7367\" src=\"https:\/\/prillumenlight.com\/wp-content\/uploads\/2026\/02\/Circular-Pendants.webp\" data-orig-src=\"https:\/\/prillumenlight.com\/wp-content\/uploads\/2026\/02\/Circular-Pendants.webp\" alt=\"Types de luminaires commerciaux\" width=\"600\" height=\"600\" srcset=\"data:image\/svg+xml,%3Csvg%20xmlns%3D%27http%3A%2F%2Fwww.w3.org%2F2000%2Fsvg%27%20width%3D%27600%27%20height%3D%27600%27%20viewBox%3D%270%200%20600%20600%27%3E%3Crect%20width%3D%27600%27%20height%3D%27600%27%20fill-opacity%3D%220%22%2F%3E%3C%2Fsvg%3E\" data-srcset=\"https:\/\/prillumenlight.com\/wp-content\/uploads\/2026\/02\/Circular-Pendants-66x66.webp 66w, https:\/\/prillumenlight.com\/wp-content\/uploads\/2026\/02\/Circular-Pendants-150x150.webp 150w, https:\/\/prillumenlight.com\/wp-content\/uploads\/2026\/02\/Circular-Pendants-200x200.webp 200w, https:\/\/prillumenlight.com\/wp-content\/uploads\/2026\/02\/Circular-Pendants-300x300.webp 300w, https:\/\/prillumenlight.com\/wp-content\/uploads\/2026\/02\/Circular-Pendants-400x400.webp 400w, https:\/\/prillumenlight.com\/wp-content\/uploads\/2026\/02\/Circular-Pendants.webp 600w\" data-sizes=\"auto\" data-orig-sizes=\"(max-width: 600px) 100vw, 600px\" \/><\/a><\/p>\n<h2 data-path-to-node=\"24\">Pourquoi Prillumen ? L'avantage technique<\/h2>\n<h3 data-path-to-node=\"25\"><b data-path-to-node=\"25\" data-index-in-node=\"0\">Installation simplifi\u00e9e &amp; efficacit\u00e9 du travail<\/b><\/h3>\n<p data-path-to-node=\"26\">Nous reconnaissons que le \u201c co\u00fbt r\u00e9el \u201d de l\u2019\u00e9clairage inclut le temps d\u2019installation. Notre mat\u00e9riel de suspension est con\u00e7u pour un d\u00e9ploiement rapide :<\/p>\n<ul data-path-to-node=\"27\">\n<li>\n<p data-path-to-node=\"27,0,0\"><b data-path-to-node=\"27,0,0\" data-index-in-node=\"0\">Pinces d\u2019avion de pr\u00e9cision :<\/b> Nos kits de suspension sans outil permettent des ajustements de hauteur microscopiques en quelques secondes. Que vous montiez sur un plafond en pente ou une dalle plate, obtenir une suspension parfaitement horizontale est effortless.<\/p>\n<\/li>\n<li>\n<p data-path-to-node=\"27,1,0\"><b data-path-to-node=\"27,1,0\" data-index-in-node=\"0\">Faisceaux de c\u00e2blage modulaires :<\/b> Tous les unit\u00e9s disposent de connecteurs internes \u201c Plug-and-Play \u201d. Pour de longues rang\u00e9es continues, cela \u00e9limine le c\u00e2blage complexe sur site, permettant aux installateurs de simplement clipser les sections ensemble et de passer \u00e0 la suivante.<\/p>\n<\/li>\n<li>\n<p data-path-to-node=\"27,2,0\"><b data-path-to-node=\"27,2,0\" data-index-in-node=\"0\">Technologie de driver standardis\u00e9e :<\/b> We utilize <b data-path-to-node=\"27,2,0\" data-index-in-node=\"43\">Drivers multi-tension 120-277V<\/b> avec gradation 0-10V int\u00e9gr\u00e9e en standard, garantissant la compatibilit\u00e9 avec les syst\u00e8mes d'automatisation des b\u00e2timents mondiaux.<\/p>\n<\/li>\n<\/ul>\n<h3 data-path-to-node=\"28\"><b data-path-to-node=\"28\" data-index-in-node=\"0\">Personnalisation sur mesure directe en usine (Fabriqu\u00e9 en Chine)<\/b><\/h3>\n<p data-path-to-node=\"29\">En tant que fabricant direct, notre plus grande force est notre capacit\u00e9 d'adaptation. Nous proposons une personnalisation \u201c pr\u00eate pour le projet \u201d que les distributeurs traditionnels ne peuvent pas offrir :<\/p>\n<ul data-path-to-node=\"30\">\n<li>\n<p data-path-to-node=\"30,0,0\">Reproduction fid\u00e8le des couleurs : Alors que 80 CRI est la norme dans l'industrie, nous proposons CRI 90+ comme option disponible sur toutes les s\u00e9ries pour une pr\u00e9cision des couleurs sup\u00e9rieure et le bien-\u00eatre des occupants.<\/p>\n<\/li>\n<li>\n<p data-path-to-node=\"30,1,0\">Palettes de couleurs architecturales : Au-del\u00e0 des finitions standard, nous offrons des services de peinture en poudre RAL complets. Du Gold Mat \u00e0 des couleurs sp\u00e9cifiques \u00e0 la marque, nous veillons \u00e0 ce que votre \u00e9clairage corresponde \u00e0 votre palette architecturale.<\/p>\n<\/li>\n<li>\n<p data-path-to-node=\"30,2,0\">Int\u00e9gration de la s\u00e9curit\u00e9 et des contr\u00f4les : Options d'installation en usine pour des sauvegardes de batterie d'urgence de 90 minutes et capteurs Bluetooth Mesh ou PIR int\u00e9gr\u00e9s pour une conformit\u00e9 totale aux codes \u00e9nerg\u00e9tiques (Titre 24\/IECC).<\/p>\n<\/li>\n<\/ul>","protected":false},"excerpt":{"rendered":"<p>Hanging Linear LED Lighting Factory Architectural Suspension Systems Engineered for  [&#8230;]<\/p>\n","protected":false},"author":1,"featured_media":0,"parent":5782,"menu_order":0,"comment_status":"closed","ping_status":"closed","template":"","meta":{"footnotes":""},"class_list":["post-7944","page","type-page","status-publish","hentry"],"yoast_head":"<!-- This site is optimized with the Yoast SEO plugin v27.4 - https:\/\/yoast.com\/product\/yoast-seo-wordpress\/ -->\n<title>Hanging Linear LED Lighting Manufacturer | Custom Suspended Systems<\/title>\n<meta name=\"description\" content=\"Direct-from-factory hanging linear LED lighting for commercial projects. Features linkable architectural systems, high-efficacy wraps, and bespoke halo rings\" \/>\n<meta name=\"robots\" content=\"index, follow, max-snippet:-1, max-image-preview:large, max-video-preview:-1\" \/>\n<link rel=\"canonical\" href=\"https:\/\/prillumenlight.com\/fr\/products\/hanging-linear-led-lighting\/\" \/>\n<meta property=\"og:locale\" content=\"fr_CA\" \/>\n<meta property=\"og:type\" content=\"article\" \/>\n<meta property=\"og:title\" content=\"Hanging Linear LED Lighting Manufacturer | Custom Suspended Systems\" \/>\n<meta property=\"og:description\" content=\"Direct-from-factory hanging linear LED lighting for commercial projects. Features linkable architectural systems, high-efficacy wraps, and bespoke halo rings\" \/>\n<meta property=\"og:url\" content=\"https:\/\/prillumenlight.com\/fr\/products\/hanging-linear-led-lighting\/\" \/>\n<meta property=\"og:site_name\" content=\"Prillumen Light Linear Architectural Lighting Manufacturer\" \/>\n<meta property=\"article:modified_time\" content=\"2026-04-15T10:19:37+00:00\" \/>\n<meta property=\"og:image\" content=\"https:\/\/prillumenlight.com\/wp-content\/uploads\/2025\/12\/acoustic-suspended-linear-light.webp\" \/>\n\t<meta property=\"og:image:width\" content=\"800\" \/>\n\t<meta property=\"og:image:height\" content=\"800\" \/>\n\t<meta property=\"og:image:type\" content=\"image\/webp\" \/>\n<meta name=\"twitter:card\" content=\"summary_large_image\" \/>\n<meta name=\"twitter:label1\" content=\"Estimation du temps de lecture\" \/>\n\t<meta name=\"twitter:data1\" content=\"5 minutes\" \/>\n<script type=\"application\/ld+json\" class=\"yoast-schema-graph\">{\"@context\":\"https:\\\/\\\/schema.org\",\"@graph\":[{\"@type\":\"WebPage\",\"@id\":\"https:\\\/\\\/prillumenlight.com\\\/products\\\/hanging-linear-led-lighting\\\/\",\"url\":\"https:\\\/\\\/prillumenlight.com\\\/products\\\/hanging-linear-led-lighting\\\/\",\"name\":\"Hanging Linear LED Lighting Manufacturer | Custom Suspended Systems\",\"isPartOf\":{\"@id\":\"https:\\\/\\\/prillumenlight.com\\\/#website\"},\"primaryImageOfPage\":{\"@id\":\"https:\\\/\\\/prillumenlight.com\\\/products\\\/hanging-linear-led-lighting\\\/#primaryimage\"},\"image\":{\"@id\":\"https:\\\/\\\/prillumenlight.com\\\/products\\\/hanging-linear-led-lighting\\\/#primaryimage\"},\"thumbnailUrl\":\"https:\\\/\\\/prillumenlight.com\\\/wp-content\\\/uploads\\\/2025\\\/12\\\/acoustic-suspended-linear-light.webp\",\"datePublished\":\"2026-04-15T10:07:57+00:00\",\"dateModified\":\"2026-04-15T10:19:37+00:00\",\"description\":\"Direct-from-factory hanging linear LED lighting for commercial projects. Features linkable architectural systems, high-efficacy wraps, and bespoke halo rings\",\"breadcrumb\":{\"@id\":\"https:\\\/\\\/prillumenlight.com\\\/products\\\/hanging-linear-led-lighting\\\/#breadcrumb\"},\"inLanguage\":\"fr-CA\",\"potentialAction\":[{\"@type\":\"ReadAction\",\"target\":[\"https:\\\/\\\/prillumenlight.com\\\/products\\\/hanging-linear-led-lighting\\\/\"]}]},{\"@type\":\"ImageObject\",\"inLanguage\":\"fr-CA\",\"@id\":\"https:\\\/\\\/prillumenlight.com\\\/products\\\/hanging-linear-led-lighting\\\/#primaryimage\",\"url\":\"https:\\\/\\\/prillumenlight.com\\\/wp-content\\\/uploads\\\/2025\\\/12\\\/acoustic-suspended-linear-light.webp\",\"contentUrl\":\"https:\\\/\\\/prillumenlight.com\\\/wp-content\\\/uploads\\\/2025\\\/12\\\/acoustic-suspended-linear-light.webp\"},{\"@type\":\"BreadcrumbList\",\"@id\":\"https:\\\/\\\/prillumenlight.com\\\/products\\\/hanging-linear-led-lighting\\\/#breadcrumb\",\"itemListElement\":[{\"@type\":\"ListItem\",\"position\":1,\"name\":\"Home\",\"item\":\"https:\\\/\\\/prillumenlight.com\\\/\"},{\"@type\":\"ListItem\",\"position\":2,\"name\":\"Products\",\"item\":\"https:\\\/\\\/prillumenlight.com\\\/products\\\/\"},{\"@type\":\"ListItem\",\"position\":3,\"name\":\"Hanging Linear LED Lighting\"}]},{\"@type\":\"WebSite\",\"@id\":\"https:\\\/\\\/prillumenlight.com\\\/#website\",\"url\":\"https:\\\/\\\/prillumenlight.com\\\/\",\"name\":\"Prillumen Light Linear Architectural Lighting Manufacturer\",\"description\":\"Precision linear lighting solutions for commercial and retail projects.\",\"alternateName\":\"Prillumen Low MOQ Architectural light factory\",\"potentialAction\":[{\"@type\":\"SearchAction\",\"target\":{\"@type\":\"EntryPoint\",\"urlTemplate\":\"https:\\\/\\\/prillumenlight.com\\\/?s={search_term_string}\"},\"query-input\":{\"@type\":\"PropertyValueSpecification\",\"valueRequired\":true,\"valueName\":\"search_term_string\"}}],\"inLanguage\":\"fr-CA\"}]}<\/script>\n<!-- \/ Yoast SEO plugin. -->","yoast_head_json":{"title":"Fabricant d\u2019\u00e9clairage LED lin\u00e9aire suspendu | Syst\u00e8mes suspendus personnalis\u00e9s","description":"\u00c9clairage lin\u00e9aire \u00e0 LED suspendu direct depuis l'usine pour projets commerciaux. Caract\u00e9ristiques de syst\u00e8mes architecturaux connectables, enveloppes \u00e0 haute efficacit\u00e9 et anneaux halo sur mesure","robots":{"index":"index","follow":"follow","max-snippet":"max-snippet:-1","max-image-preview":"max-image-preview:large","max-video-preview":"max-video-preview:-1"},"canonical":"https:\/\/prillumenlight.com\/fr\/products\/hanging-linear-led-lighting\/","og_locale":"fr_CA","og_type":"article","og_title":"Hanging Linear LED Lighting Manufacturer | Custom Suspended Systems","og_description":"Direct-from-factory hanging linear LED lighting for commercial projects. Features linkable architectural systems, high-efficacy wraps, and bespoke halo rings","og_url":"https:\/\/prillumenlight.com\/fr\/products\/hanging-linear-led-lighting\/","og_site_name":"Prillumen Light Linear Architectural Lighting Manufacturer","article_modified_time":"2026-04-15T10:19:37+00:00","og_image":[{"width":800,"height":800,"url":"https:\/\/prillumenlight.com\/wp-content\/uploads\/2025\/12\/acoustic-suspended-linear-light.webp","type":"image\/webp"}],"twitter_card":"summary_large_image","twitter_misc":{"Estimation du temps de lecture":"5 minutes"},"schema":{"@context":"https:\/\/schema.org","@graph":[{"@type":"WebPage","@id":"https:\/\/prillumenlight.com\/products\/hanging-linear-led-lighting\/","url":"https:\/\/prillumenlight.com\/products\/hanging-linear-led-lighting\/","name":"Fabricant d\u2019\u00e9clairage LED lin\u00e9aire suspendu | Syst\u00e8mes suspendus personnalis\u00e9s","isPartOf":{"@id":"https:\/\/prillumenlight.com\/#website"},"primaryImageOfPage":{"@id":"https:\/\/prillumenlight.com\/products\/hanging-linear-led-lighting\/#primaryimage"},"image":{"@id":"https:\/\/prillumenlight.com\/products\/hanging-linear-led-lighting\/#primaryimage"},"thumbnailUrl":"https:\/\/prillumenlight.com\/wp-content\/uploads\/2025\/12\/acoustic-suspended-linear-light.webp","datePublished":"2026-04-15T10:07:57+00:00","dateModified":"2026-04-15T10:19:37+00:00","description":"\u00c9clairage lin\u00e9aire \u00e0 LED suspendu direct depuis l'usine pour projets commerciaux. Caract\u00e9ristiques de syst\u00e8mes architecturaux connectables, enveloppes \u00e0 haute efficacit\u00e9 et anneaux halo sur mesure","breadcrumb":{"@id":"https:\/\/prillumenlight.com\/products\/hanging-linear-led-lighting\/#breadcrumb"},"inLanguage":"fr-CA","potentialAction":[{"@type":"ReadAction","target":["https:\/\/prillumenlight.com\/products\/hanging-linear-led-lighting\/"]}]},{"@type":"ImageObject","inLanguage":"fr-CA","@id":"https:\/\/prillumenlight.com\/products\/hanging-linear-led-lighting\/#primaryimage","url":"https:\/\/prillumenlight.com\/wp-content\/uploads\/2025\/12\/acoustic-suspended-linear-light.webp","contentUrl":"https:\/\/prillumenlight.com\/wp-content\/uploads\/2025\/12\/acoustic-suspended-linear-light.webp"},{"@type":"BreadcrumbList","@id":"https:\/\/prillumenlight.com\/products\/hanging-linear-led-lighting\/#breadcrumb","itemListElement":[{"@type":"ListItem","position":1,"name":"Home","item":"https:\/\/prillumenlight.com\/"},{"@type":"ListItem","position":2,"name":"Products","item":"https:\/\/prillumenlight.com\/products\/"},{"@type":"ListItem","position":3,"name":"Hanging Linear LED Lighting"}]},{"@type":"WebSite","@id":"https:\/\/prillumenlight.com\/#website","url":"https:\/\/prillumenlight.com\/","name":"Fabricant d'\u00e9clairage architectural lin\u00e9aire Prillumen Light","description":"Solutions d\u2019\u00e9clairage lin\u00e9aire de pr\u00e9cision pour des projets commerciaux et de d\u00e9tail.","alternateName":"Prillumen Low MOQ Architectural light factory","potentialAction":[{"@type":"SearchAction","target":{"@type":"EntryPoint","urlTemplate":"https:\/\/prillumenlight.com\/?s={search_term_string}"},"query-input":{"@type":"PropertyValueSpecification","valueRequired":true,"valueName":"search_term_string"}}],"inLanguage":"fr-CA"}]}},"_links":{"self":[{"href":"https:\/\/prillumenlight.com\/fr\/wp-json\/wp\/v2\/pages\/7944","targetHints":{"allow":["GET"]}}],"collection":[{"href":"https:\/\/prillumenlight.com\/fr\/wp-json\/wp\/v2\/pages"}],"about":[{"href":"https:\/\/prillumenlight.com\/fr\/wp-json\/wp\/v2\/types\/page"}],"author":[{"embeddable":true,"href":"https:\/\/prillumenlight.com\/fr\/wp-json\/wp\/v2\/users\/1"}],"replies":[{"embeddable":true,"href":"https:\/\/prillumenlight.com\/fr\/wp-json\/wp\/v2\/comments?post=7944"}],"version-history":[{"count":2,"href":"https:\/\/prillumenlight.com\/fr\/wp-json\/wp\/v2\/pages\/7944\/revisions"}],"predecessor-version":[{"id":7946,"href":"https:\/\/prillumenlight.com\/fr\/wp-json\/wp\/v2\/pages\/7944\/revisions\/7946"}],"up":[{"embeddable":true,"href":"https:\/\/prillumenlight.com\/fr\/wp-json\/wp\/v2\/pages\/5782"}],"wp:attachment":[{"href":"https:\/\/prillumenlight.com\/fr\/wp-json\/wp\/v2\/media?parent=7944"}],"curies":[{"name":"wp","href":"https:\/\/api.w.org\/{rel}","templated":true}]}}